{"id":1176,"date":"2021-03-18T08:24:07","date_gmt":"2021-03-18T08:24:07","guid":{"rendered":"https:\/\/aquafisheriesexpo.com\/thong-cao-bao-chi\/"},"modified":"2021-03-18T08:24:07","modified_gmt":"2021-03-18T08:24:07","slug":"thong-cao-bao-chi","status":"publish","type":"page","link":"https:\/\/www.aquafisheriesexpo.com\/en\/thong-cao-bao-chi\/","title":{"rendered":"Th\u00f4ng c\u00e1o b\u00e1o ch\u00ed"},"content":{"rendered":"","protected":false},"excerpt":{"rendered":"","protected":false},"author":1,"featured_media":0,"parent":0,"menu_order":0,"comment_status":"closed","ping_status":"closed","template":"templates\/press-release.php","meta":{"footnotes":""},"yoast_head":"<!-- This site is optimized with the Yoast SEO plugin v15.9 - https:\/\/yoast.com\/wordpress\/plugins\/seo\/ -->\n<title>Th\u00f4ng c\u00e1o b\u00e1o ch\u00ed - Aquaculture Vietnam<\/title>\n<meta name=\"robots\" content=\"index, follow, max-snippet:-1, max-image-preview:large, max-video-preview:-1\" \/>\n<link rel=\"canonical\" href=\"https:\/\/www.aquafisheriesexpo.com\/en\/thong-cao-bao-chi\/\" \/>\n<meta property=\"og:locale\" content=\"en_US\" \/>\n<meta property=\"og:type\" content=\"article\" \/>\n<meta property=\"og:title\" content=\"Th\u00f4ng c\u00e1o b\u00e1o ch\u00ed - Aquaculture Vietnam\" \/>\n<meta property=\"og:url\" content=\"https:\/\/www.aquafisheriesexpo.com\/en\/thong-cao-bao-chi\/\" \/>\n<meta property=\"og:site_name\" content=\"Aquaculture Vietnam\" \/>\n<meta name=\"twitter:card\" content=\"summary_large_image\" \/>\n<script type=\"application\/ld+json\" class=\"yoast-schema-graph\">{\"@context\":\"https:\/\/schema.org\",\"@graph\":[{\"@type\":\"WebSite\",\"@id\":\"https:\/\/www.aquafisheriesexpo.com\/#website\",\"url\":\"https:\/\/www.aquafisheriesexpo.com\/\",\"name\":\"Aquaculture Vietnam\",\"description\":\"\",\"potentialAction\":[{\"@type\":\"SearchAction\",\"target\":\"https:\/\/www.aquafisheriesexpo.com\/?s={search_term_string}\",\"query-input\":\"required name=search_term_string\"}],\"inLanguage\":\"en\"},{\"@type\":\"WebPage\",\"@id\":\"https:\/\/www.aquafisheriesexpo.com\/en\/thong-cao-bao-chi\/#webpage\",\"url\":\"https:\/\/www.aquafisheriesexpo.com\/en\/thong-cao-bao-chi\/\",\"name\":\"Th\\u00f4ng c\\u00e1o b\\u00e1o ch\\u00ed - Aquaculture Vietnam\",\"isPartOf\":{\"@id\":\"https:\/\/www.aquafisheriesexpo.com\/#website\"},\"datePublished\":\"2021-03-18T08:24:07+00:00\",\"dateModified\":\"2021-03-18T08:24:07+00:00\",\"breadcrumb\":{\"@id\":\"https:\/\/www.aquafisheriesexpo.com\/en\/thong-cao-bao-chi\/#breadcrumb\"},\"inLanguage\":\"en\",\"potentialAction\":[{\"@type\":\"ReadAction\",\"target\":[\"https:\/\/www.aquafisheriesexpo.com\/en\/thong-cao-bao-chi\/\"]}]},{\"@type\":\"BreadcrumbList\",\"@id\":\"https:\/\/www.aquafisheriesexpo.com\/en\/thong-cao-bao-chi\/#breadcrumb\",\"itemListElement\":[{\"@type\":\"ListItem\",\"position\":1,\"item\":{\"@type\":\"WebPage\",\"@id\":\"https:\/\/www.aquafisheriesexpo.com\/en\/\",\"url\":\"https:\/\/www.aquafisheriesexpo.com\/en\/\",\"name\":\"Trang ch\\u1ee7\"}},{\"@type\":\"ListItem\",\"position\":2,\"item\":{\"@type\":\"WebPage\",\"@id\":\"https:\/\/www.aquafisheriesexpo.com\/en\/thong-cao-bao-chi\/\",\"url\":\"https:\/\/www.aquafisheriesexpo.com\/en\/thong-cao-bao-chi\/\",\"name\":\"Th\\u00f4ng c\\u00e1o b\\u00e1o ch\\u00ed\"}}]}]}<\/script>\n<!-- \/ Yoast SEO plugin. -->","_links":{"self":[{"href":"https:\/\/www.aquafisheriesexpo.com\/en\/wp-json\/wp\/v2\/pages\/1176"}],"collection":[{"href":"https:\/\/www.aquafisheriesexpo.com\/en\/wp-json\/wp\/v2\/pages"}],"about":[{"href":"https:\/\/www.aquafisheriesexpo.com\/en\/wp-json\/wp\/v2\/types\/page"}],"author":[{"embeddable":true,"href":"https:\/\/www.aquafisheriesexpo.com\/en\/wp-json\/wp\/v2\/users\/1"}],"replies":[{"embeddable":true,"href":"https:\/\/www.aquafisheriesexpo.com\/en\/wp-json\/wp\/v2\/comments?post=1176"}],"version-history":[{"count":0,"href":"https:\/\/www.aquafisheriesexpo.com\/en\/wp-json\/wp\/v2\/pages\/1176\/revisions"}],"wp:attachment":[{"href":"https:\/\/www.aquafisheriesexpo.com\/en\/wp-json\/wp\/v2\/media?parent=1176"}],"curies":[{"name":"wp","href":"https:\/\/api.w.org\/{rel}","templated":true}]}}