{"id":1177,"date":"2021-03-18T06:17:08","date_gmt":"2021-03-18T06:17:08","guid":{"rendered":"https:\/\/aquafisheriesexpo.com\/doi-net-ve-ban-to-chuc\/"},"modified":"2022-12-14T11:32:25","modified_gmt":"2022-12-14T11:32:25","slug":"doi-net-ve-ban-to-chuc","status":"publish","type":"page","link":"https:\/\/www.aquafisheriesexpo.com\/en\/doi-net-ve-ban-to-chuc\/","title":{"rendered":"\u0110\u00f4i N\u00e9t V\u1ec1 Ban T\u1ed5 Ch\u1ee9c"},"content":{"rendered":"","protected":false},"excerpt":{"rendered":"","protected":false},"author":1,"featured_media":0,"parent":0,"menu_order":0,"comment_status":"closed","ping_status":"closed","template":"templates\/aboutwetv.php","meta":{"footnotes":""},"yoast_head":"<!-- This site is optimized with the Yoast SEO plugin v15.9 - https:\/\/yoast.com\/wordpress\/plugins\/seo\/ -->\n<title>\u0110\u00f4i N\u00e9t V\u1ec1 Ban T\u1ed5 Ch\u1ee9c - Aquaculture Vietnam<\/title>\n<meta name=\"robots\" content=\"index, follow, max-snippet:-1, max-image-preview:large, max-video-preview:-1\" \/>\n<link rel=\"canonical\" href=\"https:\/\/www.aquafisheriesexpo.com\/en\/doi-net-ve-ban-to-chuc\/\" \/>\n<meta property=\"og:locale\" content=\"en_US\" \/>\n<meta property=\"og:type\" content=\"article\" \/>\n<meta property=\"og:title\" content=\"\u0110\u00f4i N\u00e9t V\u1ec1 Ban T\u1ed5 Ch\u1ee9c - Aquaculture Vietnam\" \/>\n<meta property=\"og:url\" content=\"https:\/\/www.aquafisheriesexpo.com\/en\/doi-net-ve-ban-to-chuc\/\" \/>\n<meta property=\"og:site_name\" content=\"Aquaculture Vietnam\" \/>\n<meta property=\"article:modified_time\" content=\"2022-12-14T11:32:25+00:00\" \/>\n<meta name=\"twitter:card\" content=\"summary_large_image\" \/>\n<script type=\"application\/ld+json\" class=\"yoast-schema-graph\">{\"@context\":\"https:\/\/schema.org\",\"@graph\":[{\"@type\":\"WebSite\",\"@id\":\"https:\/\/www.aquafisheriesexpo.com\/#website\",\"url\":\"https:\/\/www.aquafisheriesexpo.com\/\",\"name\":\"Aquaculture Vietnam\",\"description\":\"\",\"potentialAction\":[{\"@type\":\"SearchAction\",\"target\":\"https:\/\/www.aquafisheriesexpo.com\/?s={search_term_string}\",\"query-input\":\"required name=search_term_string\"}],\"inLanguage\":\"en\"},{\"@type\":\"WebPage\",\"@id\":\"https:\/\/www.aquafisheriesexpo.com\/en\/doi-net-ve-ban-to-chuc\/#webpage\",\"url\":\"https:\/\/www.aquafisheriesexpo.com\/en\/doi-net-ve-ban-to-chuc\/\",\"name\":\"\\u0110\\u00f4i N\\u00e9t V\\u1ec1 Ban T\\u1ed5 Ch\\u1ee9c - Aquaculture Vietnam\",\"isPartOf\":{\"@id\":\"https:\/\/www.aquafisheriesexpo.com\/#website\"},\"datePublished\":\"2021-03-18T06:17:08+00:00\",\"dateModified\":\"2022-12-14T11:32:25+00:00\",\"breadcrumb\":{\"@id\":\"https:\/\/www.aquafisheriesexpo.com\/en\/doi-net-ve-ban-to-chuc\/#breadcrumb\"},\"inLanguage\":\"en\",\"potentialAction\":[{\"@type\":\"ReadAction\",\"target\":[\"https:\/\/www.aquafisheriesexpo.com\/en\/doi-net-ve-ban-to-chuc\/\"]}]},{\"@type\":\"BreadcrumbList\",\"@id\":\"https:\/\/www.aquafisheriesexpo.com\/en\/doi-net-ve-ban-to-chuc\/#breadcrumb\",\"itemListElement\":[{\"@type\":\"ListItem\",\"position\":1,\"item\":{\"@type\":\"WebPage\",\"@id\":\"https:\/\/www.aquafisheriesexpo.com\/en\/\",\"url\":\"https:\/\/www.aquafisheriesexpo.com\/en\/\",\"name\":\"Trang ch\\u1ee7\"}},{\"@type\":\"ListItem\",\"position\":2,\"item\":{\"@type\":\"WebPage\",\"@id\":\"https:\/\/www.aquafisheriesexpo.com\/en\/doi-net-ve-ban-to-chuc\/\",\"url\":\"https:\/\/www.aquafisheriesexpo.com\/en\/doi-net-ve-ban-to-chuc\/\",\"name\":\"\\u0110\\u00f4i N\\u00e9t V\\u1ec1 Ban T\\u1ed5 Ch\\u1ee9c\"}}]}]}<\/script>\n<!-- \/ Yoast SEO plugin. -->","_links":{"self":[{"href":"https:\/\/www.aquafisheriesexpo.com\/en\/wp-json\/wp\/v2\/pages\/1177"}],"collection":[{"href":"https:\/\/www.aquafisheriesexpo.com\/en\/wp-json\/wp\/v2\/pages"}],"about":[{"href":"https:\/\/www.aquafisheriesexpo.com\/en\/wp-json\/wp\/v2\/types\/page"}],"author":[{"embeddable":true,"href":"https:\/\/www.aquafisheriesexpo.com\/en\/wp-json\/wp\/v2\/users\/1"}],"replies":[{"embeddable":true,"href":"https:\/\/www.aquafisheriesexpo.com\/en\/wp-json\/wp\/v2\/comments?post=1177"}],"version-history":[{"count":3,"href":"https:\/\/www.aquafisheriesexpo.com\/en\/wp-json\/wp\/v2\/pages\/1177\/revisions"}],"predecessor-version":[{"id":1626,"href":"https:\/\/www.aquafisheriesexpo.com\/en\/wp-json\/wp\/v2\/pages\/1177\/revisions\/1626"}],"wp:attachment":[{"href":"https:\/\/www.aquafisheriesexpo.com\/en\/wp-json\/wp\/v2\/media?parent=1177"}],"curies":[{"name":"wp","href":"https:\/\/api.w.org\/{rel}","templated":true}]}}